{"id":6494,"date":"2022-03-16T03:57:06","date_gmt":"2022-03-16T07:57:06","guid":{"rendered":"https:\/\/sanctuaryclinics.com\/acerca-de\/"},"modified":"2025-11-20T01:13:11","modified_gmt":"2025-11-20T06:13:11","slug":"acerca-de","status":"publish","type":"page","link":"https:\/\/sanctuaryclinics.com\/es\/acerca-de\/","title":{"rendered":"Acerca de"},"content":{"rendered":"<div class=\"wpb-content-wrapper\">[mk_page_section bg_color=\u00bb#203a3b\u00bb el_class=\u00bbabout-first-fold-section\u00bb sidebar=\u00bbsidebar-1&#8243;][vc_column][vc_row_inner][vc_column_inner][mk_padding_divider size=\u00bb140&#8243;][\/vc_column_inner][\/vc_row_inner][vc_row_inner el_class=\u00bbabout-first-fold-row\u00bb][vc_column_inner el_class=\u00bbcol col-1&#8243; width=\u00bb1\/12&#8243;][\/vc_column_inner][vc_column_inner el_class=\u00bbcol col-2&#8243; width=\u00bb4\/12&#8243;][mk_image src=\u00bbhttps:\/\/sanctuaryclinics.com\/wp-content\/uploads\/2022\/05\/img-1-1.jpg\u00bb image_size=\u00bbfull\u00bb align=\u00bbcenter\u00bb el_class=\u00bbfounder-image\u00bb][vc_column_text align=\u00bbcenter\u00bb el_class=\u00bbfounder-name sub-heading yellow-text\u00bb css=\u00bb.vc_custom_1647500438280{margin-bottom: 0px !important;}\u00bb]\n<h2>David Hoskins<\/h2>\n[\/vc_column_text][vc_column_text align=\u00bbcenter\u00bb el_class=\u00bbfounder-designation para-text white-text\u00bb css=\u00bb.vc_custom_1647403865063{margin-bottom: 0px !important;}\u00bb]Fundador[\/vc_column_text][\/vc_column_inner][vc_column_inner el_class=\u00bbcol col-3&#8243; width=\u00bb6\/12&#8243;][vc_column_text el_class=\u00bbmega-main-heading white-text\u00bb css=\u00bb.vc_custom_1761803548902{margin-bottom: 0px !important;}\u00bb]\n<h1><em>Acerca de Sanctuary Clinics<\/em><\/h1>\n[\/vc_column_text][vc_column_text el_class=\u00bbpara-text white-text\u00bb css=\u00bb.vc_custom_1761803625777{margin-bottom: 0px !important;}\u00bb]Sanctuary es el primer y \u00fanico Programa Cristiano de Tratamiento y Recuperaci\u00f3n de su tipo. Cl\u00ednicas Sanctuary ofrece la mejor atenci\u00f3n m\u00e9dica y psicol\u00f3gica en el contexto de una comunidad cristiana amorosa y solidaria. Su equipo de m\u00e9dicos y cl\u00ednicos trabajar\u00e1 contigo para elaborar un plan de tratamiento individualizado que se ajuste a tus necesidades espec\u00edficas y juntos recorreremos el camino hacia la sanaci\u00f3n.[\/vc_column_text][\/vc_column_inner][vc_column_inner el_class=\u00bbcol col-4&#8243; width=\u00bb1\/12&#8243;][\/vc_column_inner][\/vc_row_inner][vc_row_inner][vc_column_inner][mk_padding_divider size=\u00bb80&#8243;][\/vc_column_inner][\/vc_row_inner][\/vc_column][\/mk_page_section][mk_page_section full_width=\u00bbtrue\u00bb el_class=\u00bbabout-experience-section\u00bb sidebar=\u00bbsidebar-1&#8243;][vc_column][vc_row_inner][vc_column_inner][mk_padding_divider size=\u00bb80&#8243;][\/vc_column_inner][\/vc_row_inner][vc_row_inner el_class=\u00bbflex-align-center\u00bb][vc_column_inner el_class=\u00bbcol col-1&#8243; width=\u00bb1\/2&#8243;][vc_column_text el_class=\u00bbmain-heading green-text\u00bb css=\u00bb.vc_custom_1648617576658{margin-bottom: 0px !important;}\u00bb]\n<h2>La experiencia de las Cl\u00ednicas Santuario<\/h2>\n[\/vc_column_text][vc_column_text el_class=\u00bbpara-text\u00bb css=\u00bb.vc_custom_1663134250953{margin-bottom: 0px !important;}\u00bb]En las Cl\u00ednicas Santuario creemos que las personas son sanadas y las vidas transformadas en la presencia de Dios. En las Cl\u00ednicas Santuario, el cristianismo no es un simple folleto, sino m\u00e1s bien la esencia de lo que somos y lo que hacemos, ofreciendo tratamientos de salud mental centrados en Cristo y basados \u200b\u200ben la Biblia. Porque reconocemos que toda verdad es la verdad de Dios, nuestro equipo de profesionales certificados y con amplia experiencia emplea los \u00faltimos avances en investigaci\u00f3n y tecnolog\u00eda en neurociencia, as\u00ed como modalidades y terapias basadas en la evidencia cient\u00edfica, como la neurorretroalimentaci\u00f3n, Fisher Wallace y la equinoterapia<\/p>\n<p>La estancia m\u00ednima en las Cl\u00ednicas Santuario es de 30 d\u00edas. Sin embargo, muchos pacientes optan por quedarse 60, 90 d\u00edas o m\u00e1s. Creemos que esto se debe al ambiente profundamente transformador de nuestra comunidad cristiana. La presencia del Esp\u00edritu Santo, combinada con una gesti\u00f3n m\u00e9dica experta y una pr\u00e1ctica cl\u00ednica s\u00f3lida, transforma vidas de forma milagrosa.[\/vc_column_text][\/vc_column_inner][vc_column_inner el_class=\u00bbcol col-2&#8243; width=\u00bb1\/2&#8243;][vc_raw_html css=\u00bb\u00bb el_class=\u00bbshortcodes-raw\u00bb]JTVCc2FmZS1wbGFjZS1pY29ucy1zcCU1RA==[\/vc_raw_html][\/vc_column_inner][\/vc_row_inner][vc_row_inner][vc_column_inner][mk_padding_divider size=\u00bb120&#8243;][\/vc_column_inner][\/vc_row_inner][\/vc_column][\/mk_page_section][mk_page_section bg_color=\u00bb#fdeed3&#8243; full_width=\u00bbtrue\u00bb el_class=\u00bbpatients-video-section\u00bb sidebar=\u00bbsidebar-1&#8243;][vc_column][vc_row_inner][vc_column_inner][mk_padding_divider size=\u00bb80&#8243;][vc_column_text align=\u00bbcenter\u00bb visibility=\u00bbhidden-sm\u00bb el_class=\u00bbmain-heading green-text\u00bb css=\u00bb.vc_custom_1761803739470{margin-bottom: 0px !important;}\u00bb]\n<h2>Escucha lo que a nuestros pacientes les encanta de Sanctuary Clinics<\/h2>\n[\/vc_column_text][vc_column_text align=\u00bbcenter\u00bb visibility=\u00bbvisible-sm\u00bb el_class=\u00bbmain-heading green-text\u00bb css=\u00bb.vc_custom_1761803748246{margin-bottom: 0px !important;}\u00bb]\n<h2>Escucha lo que a nuestros pacientes les encanta de Sanctuary Clinics<\/h2>\n[\/vc_column_text][mk_padding_divider size=\u00bb20&#8243;][\/vc_column_inner][\/vc_row_inner][vc_row_inner][vc_column_inner width=\u00bb1\/6&#8243;][\/vc_column_inner][vc_column_inner width=\u00bb2\/3&#8243;][vc_raw_html el_class=\u00bbshortcodes-raw\u00bb]PGRpdiBzdHlsZT0icG9zaXRpb246IHJlbGF0aXZlOyBwYWRkaW5nLXRvcDogNTYuMjUlOyI+PGlmcmFtZSBzcmM9Imh0dHBzOi8vaWZyYW1lLm1lZGlhZGVsaXZlcnkubmV0L2VtYmVkLzQyMC9kZTQ2ODYyNC05Nzk0LTQ4NWEtODZkZi0wY2M0OTMwZWRkNzc\/YXV0b3BsYXk9ZmFsc2UiIGxvYWRpbmc9ImxhenkiIHN0eWxlPSJib3JkZXI6IG5vbmU7IHBvc2l0aW9uOiBhYnNvbHV0ZTsgdG9wOiAwOyBoZWlnaHQ6IDEwMCU7IHdpZHRoOiAxMDAlOyIgYWxsb3c9ImFjY2VsZXJvbWV0ZXI7IGd5cm9zY29wZTsgYXV0b3BsYXk7IGVuY3J5cHRlZC1tZWRpYTsgcGljdHVyZS1pbi1waWN0dXJlOyIgYWxsb3dmdWxsc2NyZWVuPSJ0cnVlIj48L2lmcmFtZT48L2Rpdj4=[\/vc_raw_html][\/vc_column_inner][vc_column_inner width=\u00bb1\/6&#8243;][\/vc_column_inner][\/vc_row_inner][vc_row_inner][vc_column_inner][mk_padding_divider size=\u00bb120&#8243;][\/vc_column_inner][\/vc_row_inner][\/vc_column][\/mk_page_section][mk_page_section bg_color=\u00bb#203a3b\u00bb el_class=\u00bbscholarships-assistance-section\u00bb sidebar=\u00bbsidebar-1&#8243;][vc_column][vc_row_inner][vc_column_inner][mk_image src=\u00bbhttps:\/\/sanctuaryclinics.com\/wp-content\/uploads\/2022\/03\/symbol1-1.svg\u00bb image_size=\u00bbfull\u00bb align=\u00bbcenter\u00bb el_class=\u00bbsanctuary-bird-image\u00bb][mk_padding_divider size=\u00bb80&#8243;][\/vc_column_inner][\/vc_row_inner][vc_row_inner][vc_column_inner width=\u00bb1\/4&#8243;][\/vc_column_inner][vc_column_inner width=\u00bb1\/2&#8243;][vc_column_text align=\u00bbcenter\u00bb el_class=\u00bbmain-heading white-text\u00bb css=\u00bb.vc_custom_1648617586057{margin-bottom: 0px !important;}\u00bb]\n<h2>Becas y Apoyo Financiero<\/h2>\n[\/vc_column_text][vc_column_text el_class=\u00bbpara-text white-text\u00bb css=\u00bb.vc_custom_1648531703306{margin-bottom: 0px !important;}\u00bb]Como organizaci\u00f3n sin \u00e1nimo de lucro, y gracias a la generosidad de varios donantes cristianos solidarios, tenemos becas y apoyo financiero disponibles, lo que nos permite ofrecer grandes descuentos, para hacer asequible y accesible a todos, la atenci\u00f3n de la m\u00e1s alta calidad.[\/vc_column_text][mk_padding_divider][\/vc_column_inner][vc_column_inner width=\u00bb1\/4&#8243;][\/vc_column_inner][\/vc_row_inner][vc_row_inner][vc_column_inner][mk_padding_divider size=\u00bb80&#8243;][\/vc_column_inner][\/vc_row_inner][\/vc_column][\/mk_page_section][mk_page_section bg_color=\u00bb#203a3b\u00bb bg_position=\u00bbcenter center\u00bb bg_repeat=\u00bbno-repeat\u00bb bg_stretch=\u00bbtrue\u00bb el_class=\u00bbmonticello-inn-section\u00bb sidebar=\u00bbsidebar-1&#8243;][vc_column][vc_row_inner el_class=\u00bbinn-row\u00bb][vc_column_inner el_class=\u00bbcol col-1&#8243; width=\u00bb5\/12&#8243;][\/vc_column_inner][vc_column_inner el_class=\u00bbcol col-2&#8243; width=\u00bb7\/12&#8243;][mk_padding_divider size=\u00bb80&#8243;][vc_column_text el_class=\u00bbmain-heading white-text\u00bb css=\u00bb.vc_custom_1648617596610{margin-bottom: 0px !important;}\u00bb]\n<h2>Esc\u00e1pate y recup\u00e9rate<\/h2>\n[\/vc_column_text][vc_column_text el_class=\u00bbpara-text white-text\u00bb css=\u00bb.vc_custom_1654160464940{margin-bottom: 0px !important;}\u00bb]La colaboraci\u00f3n de Cl\u00ednicas Santuario con el Monticello Santuario Inn Hotel, ofrece a los pacientes de las Cl\u00ednicas Santuario un precio con importantes descuentos en su estancia combinada con su plan de tratamiento. El Monticello Santuario Inn Hotel les ofrece mucho m\u00e1s que una habitaci\u00f3n de hotel y pensi\u00f3n. El Monticello Santuario Inn Hotel es una espaciosa casa victoriana de 1915, elegantemente restaurada, ubicada en un terreno tranquilo de 2 hect\u00e1reas y media rodeado de robles de 500 a\u00f1os y un hermoso huerto de nogales. El Monticello Santuario Inn Hotel ofrece el entorno perfecto para experimentar una renovaci\u00f3n espiritual, f\u00edsica y emocional, brindando a los pacientes la oportunidad de desconectar y recuperarse.[\/vc_column_text][mk_padding_divider size=\u00bb80&#8243;][\/vc_column_inner][\/vc_row_inner][\/vc_column][\/mk_page_section][mk_page_section full_width=\u00bbtrue\u00bb el_class=\u00bbsantuary-experience-section\u00bb sidebar=\u00bbsidebar-1&#8243;][vc_column][vc_row_inner][vc_column_inner][mk_padding_divider size=\u00bb80&#8243;][\/vc_column_inner][\/vc_row_inner][vc_row_inner el_class=\u00bbsantuary-experience-row flex-align-center\u00bb][vc_column_inner el_class=\u00bbcol col-1&#8243; width=\u00bb1\/2&#8243;][vc_column_text el_class=\u00bbmain-heading green-text\u00bb css=\u00bb.vc_custom_1648617606218{margin-bottom: 0px !important;}\u00bb]\n<h2>Un lugar para TI<\/h2>\n[\/vc_column_text][vc_column_text el_class=\u00bbsub-heading\u00bb css=\u00bb.vc_custom_1647404060152{margin-bottom: 0px !important;}\u00bb]\n<h2>Llama hoy para hablar con admisiones. Con gusto responderemos a cualquier pregunta que tenga. \u00bfPor qu\u00e9 no comenzar hoy mismo su recorrido hacia la sanidad?<\/h2>\n[\/vc_column_text][mk_padding_divider][mk_button url=\u00bbtel:8509353637&#8243; target=\u00bb_blank\u00bb margin_bottom=\u00bb0&#8243; margin_right=\u00bb0&#8243; el_class=\u00bbmain-cta call-cta\u00bb]LLAMA AHORA[\/mk_button][\/vc_column_inner][vc_column_inner el_class=\u00bbcol col-2&#8243; width=\u00bb1\/2&#8243;][vc_raw_html el_class=\u00bbshortcodes-raw\u00bb]W3NhbnR1YXJ5LWV4cGVyaWVuY2Utc2xpZGVyXQ==[\/vc_raw_html][\/vc_column_inner][\/vc_row_inner][vc_row_inner][vc_column_inner][mk_padding_divider][\/vc_column_inner][\/vc_row_inner][\/vc_column][\/mk_page_section][mk_page_section section_id=\u00bbreviewsslider\u00bb el_class=\u00bbour-patients-section\u00bb sidebar=\u00bbsidebar-1&#8243;][vc_column][vc_row_inner][vc_column_inner][mk_padding_divider][vc_column_text align=\u00bbcenter\u00bb visibility=\u00bbhidden-sm\u00bb el_class=\u00bbmain-heading\u00bb css=\u00bb.vc_custom_1654162532990{margin-bottom: 0px !important;}\u00bb]\n<h2>Escucha lo que le encanta a nuestros pacientes de las Cl\u00ednicas Santuario<\/h2>\n[\/vc_column_text][vc_column_text align=\u00bbcenter\u00bb visibility=\u00bbvisible-sm\u00bb el_class=\u00bbmain-heading\u00bb css=\u00bb.vc_custom_1654162539670{margin-bottom: 0px !important;}\u00bb]\n<h2>\u00bfPor qu\u00e9 no comenzar hoy mismo su recorrido hacia la sanidad?<\/h2>\n[\/vc_column_text][mk_padding_divider size=\u00bb30&#8243;][vc_raw_html el_class=\u00bbshortcodes-raw\u00bb]PHNjcmlwdCBzcmM9Imh0dHBzOi8vc3RhdGljLmVsZnNpZ2h0LmNvbS9wbGF0Zm9ybS9wbGF0Zm9ybS5qcyIgZGF0YS11c2Utc2VydmljZS1jb3JlPSIiIGRlZmVyPjwvc2NyaXB0Pgo8ZGl2IGNsYXNzPSJlbGZzaWdodC1hcHAtZjNmMjgxODQtNDA2Ni00N2M5LTkyMzAtNzhhODYyZjlhOWZiIiBkYXRhLWVsZnNpZ2h0LWFwcC1sYXp5PSIiPjwvZGl2Pg==[\/vc_raw_html][mk_padding_divider][mk_button url=\u00bbtel:8509353637&#8243; target=\u00bb_blank\u00bb align=\u00bbcenter\u00bb margin_bottom=\u00bb0&#8243; margin_right=\u00bb0&#8243; el_class=\u00bbmain-cta call-cta2&#8243;]LLAMA AL (850) 935-3637[\/mk_button][mk_padding_divider size=\u00bb60&#8243;][\/vc_column_inner][\/vc_row_inner][\/vc_column][\/mk_page_section]\n<\/div>","protected":false},"excerpt":{"rendered":"<p>[mk_page_section bg_color=\u00bb#203a3b\u00bb el_class=\u00bbabout-first-fold-section\u00bb sidebar=\u00bbsidebar-1&#8243;][vc_column][vc_row_inner][vc_column_inner][mk_padding_divider size=\u00bb140&#8243;][\/vc_column_inner][\/vc_row_inner][vc_row_inner el_class=\u00bbabout-first-fold-row\u00bb][vc_column_inner el_class=\u00bbcol col-1&#8243; width=\u00bb1\/12&#8243;][\/vc_column_inner][vc_column_inner el_class=\u00bbcol col-2&#8243; width=\u00bb4\/12&#8243;][mk_image src=\u00bbhttps:\/\/sanctuaryclinics.com\/wp-content\/uploads\/2022\/05\/img-1-1.jpg\u00bb image_size=\u00bbfull\u00bb align=\u00bbcenter\u00bb el_class=\u00bbfounder-image\u00bb][vc_column_text align=\u00bbcenter\u00bb el_class=\u00bbfounder-name sub-heading yellow-text\u00bb css=\u00bb.vc_custom_1647500438280{margin-bottom: 0px !important;}\u00bb] David Hoskins [\/vc_column_text][vc_column_text align=\u00bbcenter\u00bb el_class=\u00bbfounder-designation para-text white-text\u00bb css=\u00bb.vc_custom_1647403865063{margin-bottom: 0px !important;}\u00bb]Fundador[\/vc_column_text][\/vc_column_inner][vc_column_inner el_class=\u00bbcol col-3&#8243; width=\u00bb6\/12&#8243;][vc_column_text el_class=\u00bbmega-main-heading white-text\u00bb css=\u00bb.vc_custom_1761803548902{margin-bottom: 0px !important;}\u00bb] Acerca de Sanctuary Clinics [\/vc_column_text][vc_column_text el_class=\u00bbpara-text white-text\u00bb css=\u00bb.vc_custom_1761803625777{margin-bottom: 0px !important;}\u00bb]Sanctuary es el primer y [&hellip;]<\/p>\n","protected":false},"author":1,"featured_media":0,"parent":0,"menu_order":0,"comment_status":"closed","ping_status":"closed","template":"","meta":{"_acf_changed":false,"om_disable_all_campaigns":false,"footnotes":""},"class_list":["post-6494","page","type-page","status-publish","hentry"],"acf":[],"yoast_head":"<!-- This site is optimized with the Yoast SEO plugin v27.4 - https:\/\/yoast.com\/product\/yoast-seo-wordpress\/ -->\n<title>Acerca de - Sanctuary Clinics<\/title>\n<meta name=\"robots\" content=\"index, follow, max-snippet:-1, max-image-preview:large, max-video-preview:-1\" \/>\n<link rel=\"canonical\" href=\"https:\/\/sanctuaryclinics.com\/es\/acerca-de\/\" \/>\n<meta property=\"og:locale\" content=\"es_ES\" \/>\n<meta property=\"og:type\" content=\"article\" \/>\n<meta property=\"og:title\" content=\"Acerca de - Sanctuary Clinics\" \/>\n<meta property=\"og:description\" content=\"[mk_page_section bg_color=\u00bb#203a3b\u00bb el_class=\u00bbabout-first-fold-section\u00bb sidebar=\u00bbsidebar-1&#8243;][vc_column][vc_row_inner][vc_column_inner][mk_padding_divider size=\u00bb140&#8243;][\/vc_column_inner][\/vc_row_inner][vc_row_inner el_class=\u00bbabout-first-fold-row\u00bb][vc_column_inner el_class=\u00bbcol col-1&#8243; width=\u00bb1\/12&#8243;][\/vc_column_inner][vc_column_inner el_class=\u00bbcol col-2&#8243; width=\u00bb4\/12&#8243;][mk_image src=\u00bbhttps:\/\/sanctuaryclinics.com\/wp-content\/uploads\/2022\/05\/img-1-1.jpg\u00bb image_size=\u00bbfull\u00bb align=\u00bbcenter\u00bb el_class=\u00bbfounder-image\u00bb][vc_column_text align=\u00bbcenter\u00bb el_class=\u00bbfounder-name sub-heading yellow-text\u00bb css=\u00bb.vc_custom_1647500438280{margin-bottom: 0px !important;}\u00bb] David Hoskins [\/vc_column_text][vc_column_text align=\u00bbcenter\u00bb el_class=\u00bbfounder-designation para-text white-text\u00bb css=\u00bb.vc_custom_1647403865063{margin-bottom: 0px !important;}\u00bb]Fundador[\/vc_column_text][\/vc_column_inner][vc_column_inner el_class=\u00bbcol col-3&#8243; width=\u00bb6\/12&#8243;][vc_column_text el_class=\u00bbmega-main-heading white-text\u00bb css=\u00bb.vc_custom_1761803548902{margin-bottom: 0px !important;}\u00bb] Acerca de Sanctuary Clinics [\/vc_column_text][vc_column_text el_class=\u00bbpara-text white-text\u00bb css=\u00bb.vc_custom_1761803625777{margin-bottom: 0px !important;}\u00bb]Sanctuary es el primer y [&hellip;]\" \/>\n<meta property=\"og:url\" content=\"https:\/\/sanctuaryclinics.com\/es\/acerca-de\/\" \/>\n<meta property=\"og:site_name\" content=\"Sanctuary Clinics\" \/>\n<meta property=\"article:modified_time\" content=\"2025-11-20T06:13:11+00:00\" \/>\n<meta name=\"twitter:card\" content=\"summary_large_image\" \/>\n<meta name=\"twitter:label1\" content=\"Tiempo de lectura\" \/>\n\t<meta name=\"twitter:data1\" content=\"3 minutos\" \/>\n<script type=\"application\/ld+json\" class=\"yoast-schema-graph\">{\"@context\":\"https:\\\/\\\/schema.org\",\"@graph\":[{\"@type\":\"WebPage\",\"@id\":\"https:\\\/\\\/sanctuaryclinics.com\\\/es\\\/acerca-de\\\/\",\"url\":\"https:\\\/\\\/sanctuaryclinics.com\\\/es\\\/acerca-de\\\/\",\"name\":\"Acerca de - Sanctuary Clinics\",\"isPartOf\":{\"@id\":\"https:\\\/\\\/sanctuaryclinics.com\\\/es\\\/#website\"},\"datePublished\":\"2022-03-16T07:57:06+00:00\",\"dateModified\":\"2025-11-20T06:13:11+00:00\",\"breadcrumb\":{\"@id\":\"https:\\\/\\\/sanctuaryclinics.com\\\/es\\\/acerca-de\\\/#breadcrumb\"},\"inLanguage\":\"es\",\"potentialAction\":[{\"@type\":\"ReadAction\",\"target\":[\"https:\\\/\\\/sanctuaryclinics.com\\\/es\\\/acerca-de\\\/\"]}]},{\"@type\":\"BreadcrumbList\",\"@id\":\"https:\\\/\\\/sanctuaryclinics.com\\\/es\\\/acerca-de\\\/#breadcrumb\",\"itemListElement\":[{\"@type\":\"ListItem\",\"position\":1,\"name\":\"Home\",\"item\":\"https:\\\/\\\/sanctuaryclinics.com\\\/es\\\/\"},{\"@type\":\"ListItem\",\"position\":2,\"name\":\"Acerca de\"}]},{\"@type\":\"WebSite\",\"@id\":\"https:\\\/\\\/sanctuaryclinics.com\\\/es\\\/#website\",\"url\":\"https:\\\/\\\/sanctuaryclinics.com\\\/es\\\/\",\"name\":\"Sanctuary Clinics\",\"description\":\"\",\"publisher\":{\"@id\":\"https:\\\/\\\/sanctuaryclinics.com\\\/es\\\/#organization\"},\"potentialAction\":[{\"@type\":\"SearchAction\",\"target\":{\"@type\":\"EntryPoint\",\"urlTemplate\":\"https:\\\/\\\/sanctuaryclinics.com\\\/es\\\/?s={search_term_string}\"},\"query-input\":{\"@type\":\"PropertyValueSpecification\",\"valueRequired\":true,\"valueName\":\"search_term_string\"}}],\"inLanguage\":\"es\"},{\"@type\":\"Organization\",\"@id\":\"https:\\\/\\\/sanctuaryclinics.com\\\/es\\\/#organization\",\"name\":\"Sanctuary Clinics\",\"url\":\"https:\\\/\\\/sanctuaryclinics.com\\\/es\\\/\",\"logo\":{\"@type\":\"ImageObject\",\"inLanguage\":\"es\",\"@id\":\"https:\\\/\\\/sanctuaryclinics.com\\\/es\\\/#\\\/schema\\\/logo\\\/image\\\/\",\"url\":\"https:\\\/\\\/sanctuaryclinics.com\\\/wp-content\\\/uploads\\\/2022\\\/03\\\/sanctuarylogo-dark.svg\",\"contentUrl\":\"https:\\\/\\\/sanctuaryclinics.com\\\/wp-content\\\/uploads\\\/2022\\\/03\\\/sanctuarylogo-dark.svg\",\"width\":1,\"height\":1,\"caption\":\"Sanctuary Clinics\"},\"image\":{\"@id\":\"https:\\\/\\\/sanctuaryclinics.com\\\/es\\\/#\\\/schema\\\/logo\\\/image\\\/\"}}]}<\/script>\n<!-- \/ Yoast SEO plugin. -->","yoast_head_json":{"title":"Acerca de - Sanctuary Clinics","robots":{"index":"index","follow":"follow","max-snippet":"max-snippet:-1","max-image-preview":"max-image-preview:large","max-video-preview":"max-video-preview:-1"},"canonical":"https:\/\/sanctuaryclinics.com\/es\/acerca-de\/","og_locale":"es_ES","og_type":"article","og_title":"Acerca de - Sanctuary Clinics","og_description":"[mk_page_section bg_color=\u00bb#203a3b\u00bb el_class=\u00bbabout-first-fold-section\u00bb sidebar=\u00bbsidebar-1&#8243;][vc_column][vc_row_inner][vc_column_inner][mk_padding_divider size=\u00bb140&#8243;][\/vc_column_inner][\/vc_row_inner][vc_row_inner el_class=\u00bbabout-first-fold-row\u00bb][vc_column_inner el_class=\u00bbcol col-1&#8243; width=\u00bb1\/12&#8243;][\/vc_column_inner][vc_column_inner el_class=\u00bbcol col-2&#8243; width=\u00bb4\/12&#8243;][mk_image src=\u00bbhttps:\/\/sanctuaryclinics.com\/wp-content\/uploads\/2022\/05\/img-1-1.jpg\u00bb image_size=\u00bbfull\u00bb align=\u00bbcenter\u00bb el_class=\u00bbfounder-image\u00bb][vc_column_text align=\u00bbcenter\u00bb el_class=\u00bbfounder-name sub-heading yellow-text\u00bb css=\u00bb.vc_custom_1647500438280{margin-bottom: 0px !important;}\u00bb] David Hoskins [\/vc_column_text][vc_column_text align=\u00bbcenter\u00bb el_class=\u00bbfounder-designation para-text white-text\u00bb css=\u00bb.vc_custom_1647403865063{margin-bottom: 0px !important;}\u00bb]Fundador[\/vc_column_text][\/vc_column_inner][vc_column_inner el_class=\u00bbcol col-3&#8243; width=\u00bb6\/12&#8243;][vc_column_text el_class=\u00bbmega-main-heading white-text\u00bb css=\u00bb.vc_custom_1761803548902{margin-bottom: 0px !important;}\u00bb] Acerca de Sanctuary Clinics [\/vc_column_text][vc_column_text el_class=\u00bbpara-text white-text\u00bb css=\u00bb.vc_custom_1761803625777{margin-bottom: 0px !important;}\u00bb]Sanctuary es el primer y [&hellip;]","og_url":"https:\/\/sanctuaryclinics.com\/es\/acerca-de\/","og_site_name":"Sanctuary Clinics","article_modified_time":"2025-11-20T06:13:11+00:00","twitter_card":"summary_large_image","twitter_misc":{"Tiempo de lectura":"3 minutos"},"schema":{"@context":"https:\/\/schema.org","@graph":[{"@type":"WebPage","@id":"https:\/\/sanctuaryclinics.com\/es\/acerca-de\/","url":"https:\/\/sanctuaryclinics.com\/es\/acerca-de\/","name":"Acerca de - Sanctuary Clinics","isPartOf":{"@id":"https:\/\/sanctuaryclinics.com\/es\/#website"},"datePublished":"2022-03-16T07:57:06+00:00","dateModified":"2025-11-20T06:13:11+00:00","breadcrumb":{"@id":"https:\/\/sanctuaryclinics.com\/es\/acerca-de\/#breadcrumb"},"inLanguage":"es","potentialAction":[{"@type":"ReadAction","target":["https:\/\/sanctuaryclinics.com\/es\/acerca-de\/"]}]},{"@type":"BreadcrumbList","@id":"https:\/\/sanctuaryclinics.com\/es\/acerca-de\/#breadcrumb","itemListElement":[{"@type":"ListItem","position":1,"name":"Home","item":"https:\/\/sanctuaryclinics.com\/es\/"},{"@type":"ListItem","position":2,"name":"Acerca de"}]},{"@type":"WebSite","@id":"https:\/\/sanctuaryclinics.com\/es\/#website","url":"https:\/\/sanctuaryclinics.com\/es\/","name":"Sanctuary Clinics","description":"","publisher":{"@id":"https:\/\/sanctuaryclinics.com\/es\/#organization"},"potentialAction":[{"@type":"SearchAction","target":{"@type":"EntryPoint","urlTemplate":"https:\/\/sanctuaryclinics.com\/es\/?s={search_term_string}"},"query-input":{"@type":"PropertyValueSpecification","valueRequired":true,"valueName":"search_term_string"}}],"inLanguage":"es"},{"@type":"Organization","@id":"https:\/\/sanctuaryclinics.com\/es\/#organization","name":"Sanctuary Clinics","url":"https:\/\/sanctuaryclinics.com\/es\/","logo":{"@type":"ImageObject","inLanguage":"es","@id":"https:\/\/sanctuaryclinics.com\/es\/#\/schema\/logo\/image\/","url":"https:\/\/sanctuaryclinics.com\/wp-content\/uploads\/2022\/03\/sanctuarylogo-dark.svg","contentUrl":"https:\/\/sanctuaryclinics.com\/wp-content\/uploads\/2022\/03\/sanctuarylogo-dark.svg","width":1,"height":1,"caption":"Sanctuary Clinics"},"image":{"@id":"https:\/\/sanctuaryclinics.com\/es\/#\/schema\/logo\/image\/"}}]}},"_links":{"self":[{"href":"https:\/\/sanctuaryclinics.com\/es\/wp-json\/wp\/v2\/pages\/6494","targetHints":{"allow":["GET"]}}],"collection":[{"href":"https:\/\/sanctuaryclinics.com\/es\/wp-json\/wp\/v2\/pages"}],"about":[{"href":"https:\/\/sanctuaryclinics.com\/es\/wp-json\/wp\/v2\/types\/page"}],"author":[{"embeddable":true,"href":"https:\/\/sanctuaryclinics.com\/es\/wp-json\/wp\/v2\/users\/1"}],"replies":[{"embeddable":true,"href":"https:\/\/sanctuaryclinics.com\/es\/wp-json\/wp\/v2\/comments?post=6494"}],"version-history":[{"count":9,"href":"https:\/\/sanctuaryclinics.com\/es\/wp-json\/wp\/v2\/pages\/6494\/revisions"}],"predecessor-version":[{"id":8268,"href":"https:\/\/sanctuaryclinics.com\/es\/wp-json\/wp\/v2\/pages\/6494\/revisions\/8268"}],"wp:attachment":[{"href":"https:\/\/sanctuaryclinics.com\/es\/wp-json\/wp\/v2\/media?parent=6494"}],"curies":[{"name":"wp","href":"https:\/\/api.w.org\/{rel}","templated":true}]}}