{"id":6577,"date":"2025-01-29T05:05:17","date_gmt":"2025-01-29T10:05:17","guid":{"rendered":"https:\/\/sanctuaryclinics.com\/servicios-auxiliares\/"},"modified":"2025-07-16T10:51:07","modified_gmt":"2025-07-16T14:51:07","slug":"servicios-auxiliares","status":"publish","type":"page","link":"https:\/\/sanctuaryclinics.com\/es\/servicios-auxiliares\/","title":{"rendered":"Servicios auxiliares"},"content":{"rendered":"<div class=\"wpb-content-wrapper\">[mk_page_section bg_color=\u00bb#fcfaf5&#8243; full_width=\u00bbtrue\u00bb el_class=\u00bbfirst-fold-section\u00bb sidebar=\u00bbsidebar-1&#8243;][vc_column][vc_row_inner][vc_column_inner][mk_padding_divider size=\u00bb140&#8243;][\/vc_column_inner][\/vc_row_inner][vc_row_inner el_class=\u00bbflex-align-center\u00bb][vc_column_inner width=\u00bb6\/12&#8243;][vc_column_text el_class=\u00bbmega-main-heading green-text\u00bb css=\u00bb.vc_custom_1752677121539{margin-bottom: 0px !important;}\u00bb]\n<h1>Servicios de asistencia<\/h1>\n[\/vc_column_text][\/vc_column_inner][vc_column_inner width=\u00bb1\/12&#8243;][\/vc_column_inner][vc_column_inner width=\u00bb5\/12&#8243;][mk_image src=\u00bbhttps:\/\/sanctuaryclinics.com\/wp-content\/uploads\/2025\/01\/img1-3.jpg\u00bb image_size=\u00bbfull\u00bb align=\u00bbcenter\u00bb el_class=\u00bbfirst-fold-image box-image\u00bb][\/vc_column_inner][\/vc_row_inner][vc_row_inner][vc_column_inner][mk_padding_divider size=\u00bb50&#8243;][\/vc_column_inner][\/vc_row_inner][\/vc_column][\/mk_page_section][mk_page_section bg_color=\u00bb#fcfaf5&#8243; el_class=\u00bbimage-text-section right-image section-4&#8243; sidebar=\u00bbsidebar-1&#8243;][vc_column][vc_row_inner][vc_column_inner][vc_raw_html css=\u00bb\u00bb]PHN0eWxlPi5zZXJ2aWNlLWltYWdlIGltZ3sKbWF4LXdpZHRoOiAzNzBweDsKfQo8L3N0eWxlPg==[\/vc_raw_html][\/vc_column_inner][\/vc_row_inner][vc_row_inner][vc_column_inner width=\u00bb1\/12&#8243;][\/vc_column_inner][vc_column_inner width=\u00bb5\/12&#8243;][mk_padding_divider][mk_image src=\u00bbhttps:\/\/sanctuaryclinics.com\/wp-content\/uploads\/2025\/01\/img2-3.jpg\u00bb image_size=\u00bbfull\u00bb align=\u00bbcenter\u00bb margin_bottom=\u00bb25&#8243; el_class=\u00bbservice-image\u00bb][vc_column_text align=\u00bbcenter\u00bb el_class=\u00bbmain-heading green-text text-center\u00bb css=\u00bb.vc_custom_1738142982638{margin-bottom: 0px !important;}\u00bb]\n<h2>EMDR<\/h2>\n[\/vc_column_text][vc_column_text align=\u00bbcenter\u00bb el_class=\u00bbmain-sub-heading green-text text-center\u00bb css=\u00bb.vc_custom_1752677147945{margin-bottom: 0px !important;}\u00bb]\n<h2>$1,000 por 30 d\u00edas<\/h2>\n[\/vc_column_text][vc_column_text align=\u00bbcenter\u00bb visibility=\u00bbhidden-sm\u00bb el_class=\u00bbpara-text\u00bb css=\u00bb.vc_custom_1752677158729{margin-bottom: 0px !important;}\u00bb]Experimente el alivio transformador de la terapia EMDR<br \/>\n, dise\u00f1ada para ayudarlo a procesar y<br \/>\nsuperar el trauma y recuperar una vida<br \/>\nde equilibrio y resiliencia.[\/vc_column_text][vc_column_text align=\u00bbcenter\u00bb visibility=\u00bbvisible-sm\u00bb el_class=\u00bbpara-text\u00bb css=\u00bb.vc_custom_1752677177130{margin-bottom: 0px !important;}\u00bb]Experimente el alivio transformador de la terapia EMDR , dise\u00f1ada para ayudarlo a procesar y superar el trauma y recuperar una vida de equilibrio y resiliencia.<br \/>\n[\/vc_column_text][\/vc_column_inner][vc_column_inner width=\u00bb5\/12&#8243;][mk_padding_divider][mk_image src=\u00bbhttps:\/\/sanctuaryclinics.com\/wp-content\/uploads\/2025\/01\/img3-2.jpg\u00bb image_size=\u00bbfull\u00bb align=\u00bbcenter\u00bb margin_bottom=\u00bb25&#8243; el_class=\u00bbservice-image\u00bb][vc_column_text align=\u00bbcenter\u00bb el_class=\u00bbmain-heading green-text text-center\u00bb css=\u00bb.vc_custom_1752677199042{margin-bottom: 0px !important;}\u00bb]\n<h2>La Nueroretroalimentaic\u00f3n, o Neurofeedback<\/h2>\n[\/vc_column_text][vc_column_text align=\u00bbcenter\u00bb el_class=\u00bbmain-sub-heading green-text text-center\u00bb css=\u00bb.vc_custom_1752677208761{margin-bottom: 0px !important;}\u00bb]\n<h2>$75 por sesi\u00f3n<\/h2>\n[\/vc_column_text][vc_column_text align=\u00bbcenter\u00bb visibility=\u00bbhidden-sm\u00bb el_class=\u00bbpara-text\u00bb css=\u00bb.vc_custom_1752677219650{margin-bottom: 0px !important;}\u00bb]Benef\u00edciese de la terapia de Neurofeedback,<br \/>\nempoderando su mente para sanar, adaptarse<br \/>\ny prosperar a trav\u00e9s del entrenamiento cerebral personalizado<br \/>\n, a trav\u00e9s de nuestro socio comunitario.[\/vc_column_text][vc_column_text align=\u00bbcenter\u00bb visibility=\u00bbvisible-sm\u00bb el_class=\u00bbpara-text\u00bb css=\u00bb.vc_custom_1752677238410{margin-bottom: 0px !important;}\u00bb]Benef\u00edciese de la terapia de Neurofeedback, empoderando su mente para sanar, adaptarse y prosperar a trav\u00e9s del entrenamiento cerebral personalizado , a trav\u00e9s de nuestro socio comunitario.<br \/>\n[\/vc_column_text][\/vc_column_inner][vc_column_inner width=\u00bb1\/12&#8243;][\/vc_column_inner][\/vc_row_inner][vc_row_inner][vc_column_inner width=\u00bb1\/12&#8243;][\/vc_column_inner][vc_column_inner width=\u00bb5\/12&#8243;][mk_padding_divider][mk_image src=\u00bbhttps:\/\/sanctuaryclinics.com\/wp-content\/uploads\/2025\/01\/img4-2.jpg\u00bb image_size=\u00bbfull\u00bb align=\u00bbcenter\u00bb margin_bottom=\u00bb25&#8243; el_class=\u00bbservice-image\u00bb][vc_column_text align=\u00bbcenter\u00bb el_class=\u00bbmain-heading green-text text-center\u00bb css=\u00bb.vc_custom_1738143895902{margin-bottom: 0px !important;}\u00bb]\n<h2>Equino<\/h2>\n[\/vc_column_text][vc_column_text align=\u00bbcenter\u00bb el_class=\u00bbmain-sub-heading green-text text-center\u00bb css=\u00bb.vc_custom_1752677259449{margin-bottom: 0px !important;}\u00bb]\n<h2>$60 por una sesi\u00f3n de una hora<\/h2>\n[\/vc_column_text][vc_column_text align=\u00bbcenter\u00bb visibility=\u00bbhidden-sm\u00bb el_class=\u00bbpara-text\u00bb css=\u00bb.vc_custom_1752677291201{margin-bottom: 0px !important;}\u00bb]Experimente la sanaci\u00f3n y el crecimiento personal<br \/>\na trav\u00e9s de la Terapia Asistida por Equinos,<br \/>\ndonde el v\u00ednculo con los caballos<br \/>\nnutre el bienestar emocional.[\/vc_column_text][vc_column_text align=\u00bbcenter\u00bb visibility=\u00bbvisible-sm\u00bb el_class=\u00bbpara-text\u00bb css=\u00bb.vc_custom_1752677307410{margin-bottom: 0px !important;}\u00bb]Experimente la sanaci\u00f3n y el crecimiento personal a trav\u00e9s de la Terapia Asistida por quinos, donde el v\u00ednculo con los caballos nutre el bienestar emocional.<br \/>\n[\/vc_column_text][\/vc_column_inner][vc_column_inner width=\u00bb5\/12&#8243;][mk_padding_divider][mk_image src=\u00bbhttps:\/\/sanctuaryclinics.com\/wp-content\/uploads\/2025\/01\/img5-2.jpg\u00bb image_size=\u00bbfull\u00bb align=\u00bbcenter\u00bb margin_bottom=\u00bb25&#8243; el_class=\u00bbservice-image\u00bb][vc_column_text align=\u00bbcenter\u00bb el_class=\u00bbmain-heading green-text text-center\u00bb css=\u00bb.vc_custom_1738143963429{margin-bottom: 0px !important;}\u00bb]\n<h2>Terapia de Spa<\/h2>\n[\/vc_column_text][vc_column_text align=\u00bbcenter\u00bb el_class=\u00bbmain-sub-heading green-text text-center\u00bb css=\u00bb.vc_custom_1752677339673{margin-bottom: 0px !important;}\u00bb]\n<h2>$75 por sesi\u00f3n<\/h2>\n[\/vc_column_text][vc_column_text align=\u00bbcenter\u00bb visibility=\u00bbhidden-sm\u00bb el_class=\u00bbpara-text\u00bb css=\u00bb.vc_custom_1752677351561{margin-bottom: 0px !important;}\u00bb]Transforme el estr\u00e9s en serenidad con nuestras<br \/>\nexperiencias personalizadas de terapia de spa,<br \/>\ndonde los tratamientos relajantes rejuvenecen<br \/>\nsu cuerpo, mente y esp\u00edritu.<br \/>\n[\/vc_column_text][vc_column_text align=\u00bbcenter\u00bb visibility=\u00bbvisible-sm\u00bb el_class=\u00bbpara-text\u00bb css=\u00bb.vc_custom_1752677373096{margin-bottom: 0px !important;}\u00bb]Transforme el estr\u00e9s en serenidad con nuestras experiencias personalizadas de terapia de spa, donde los tratamientos relajantes rejuvenecen su cuerpo, mente y esp\u00edritu.[\/vc_column_text][\/vc_column_inner][vc_column_inner width=\u00bb1\/12&#8243;][\/vc_column_inner][\/vc_row_inner][vc_row_inner][vc_column_inner width=\u00bb1\/12&#8243;][\/vc_column_inner][vc_column_inner width=\u00bb5\/12&#8243;][mk_padding_divider][mk_image src=\u00bbhttps:\/\/sanctuaryclinics.com\/wp-content\/uploads\/2025\/01\/img6-1.jpg\u00bb image_size=\u00bbfull\u00bb align=\u00bbcenter\u00bb margin_bottom=\u00bb25&#8243; el_class=\u00bbservice-image\u00bb][vc_column_text align=\u00bbcenter\u00bb el_class=\u00bbmain-heading green-text text-center\u00bb css=\u00bb.vc_custom_1752677392345{margin-bottom: 0px !important;}\u00bb]\n<h2>Terapia ECT<\/h2>\n[\/vc_column_text][vc_column_text align=\u00bbcenter\u00bb el_class=\u00bbmain-sub-heading green-text text-center\u00bb css=\u00bb.vc_custom_1752677402800{margin-bottom: 0px !important;}\u00bb]\n<h2>$1,000 por 30 d\u00edas<\/h2>\n[\/vc_column_text][vc_column_text align=\u00bbcenter\u00bb visibility=\u00bbhidden-sm\u00bb el_class=\u00bbpara-text\u00bb css=\u00bb.vc_custom_1752677412721{margin-bottom: 0px !important;}\u00bb]Experimente una claridad y vitalidad renovadas<br \/>\ncon la terapia ECT, una soluci\u00f3n probada para<br \/>\nla depresi\u00f3n y los trastornos del estado de \u00e1nimo cuando<br \/>\notros tratamientos no han funcionado.[\/vc_column_text][vc_column_text align=\u00bbcenter\u00bb visibility=\u00bbvisible-sm\u00bb el_class=\u00bbpara-text\u00bb css=\u00bb.vc_custom_1752677426553{margin-bottom: 0px !important;}\u00bb]Experimente una claridad y vitalidad renovadas con la terapia ECT, una soluci\u00f3n probada para la depresi\u00f3n y los trastornos del estado de \u00e1nimo cuando otros tratamientos no han funcionado.<br \/>\n[\/vc_column_text][\/vc_column_inner][vc_column_inner width=\u00bb5\/12&#8243;][mk_padding_divider][mk_image src=\u00bbhttps:\/\/sanctuaryclinics.com\/wp-content\/uploads\/2025\/01\/img7.jpg\u00bb image_size=\u00bbfull\u00bb align=\u00bbcenter\u00bb margin_bottom=\u00bb25&#8243; el_class=\u00bbservice-image\u00bb][vc_column_text align=\u00bbcenter\u00bb el_class=\u00bbmain-heading green-text text-center\u00bb css=\u00bb.vc_custom_1738144213008{margin-bottom: 0px !important;}\u00bb]\n<h2>Tirzepatide<br \/>\n<span style=\"font-size: 60%;\">Programa de p\u00e9rdida de peso<\/span><\/h2>\n[\/vc_column_text][vc_column_text align=\u00bbcenter\u00bb el_class=\u00bbmain-sub-heading green-text text-center\u00bb css=\u00bb.vc_custom_1738143853170{margin-bottom: 0px !important;}\u00bb]\n<h2>75 $ por sesi\u00f3n<\/h2>\n[\/vc_column_text][vc_column_text align=\u00bbcenter\u00bb visibility=\u00bbhidden-sm\u00bb el_class=\u00bbpara-text\u00bb css=\u00bb.vc_custom_1752677436185{margin-bottom: 0px !important;}\u00bb]Transforme su salud con la terapia con Tirzepatide,<br \/>\nun tratamiento innovador cl\u00ednicamente probado<br \/>\npara ayudarle a perder peso y experimentar<br \/>\nresultados saludables y sostenibles.[\/vc_column_text][vc_column_text align=\u00bbcenter\u00bb visibility=\u00bbvisible-sm\u00bb el_class=\u00bbpara-text\u00bb css=\u00bb.vc_custom_1752677461578{margin-bottom: 0px !important;}\u00bb]Transforme su salud con la terapia con Tirzepatide, un tratamiento innovador cl\u00ednicamente probado para ayudarle a perder peso y experimentar resultados saludables y sostenibles.[\/vc_column_text][\/vc_column_inner][vc_column_inner width=\u00bb1\/12&#8243;][\/vc_column_inner][\/vc_row_inner][vc_row_inner][vc_column_inner][mk_padding_divider size=\u00bb60&#8243;][\/vc_column_inner][\/vc_row_inner][\/vc_column][\/mk_page_section]\n<\/div>","protected":false},"excerpt":{"rendered":"<p>[mk_page_section bg_color=\u00bb#fcfaf5&#8243; full_width=\u00bbtrue\u00bb el_class=\u00bbfirst-fold-section\u00bb sidebar=\u00bbsidebar-1&#8243;][vc_column][vc_row_inner][vc_column_inner][mk_padding_divider size=\u00bb140&#8243;][\/vc_column_inner][\/vc_row_inner][vc_row_inner el_class=\u00bbflex-align-center\u00bb][vc_column_inner width=\u00bb6\/12&#8243;][vc_column_text el_class=\u00bbmega-main-heading green-text\u00bb css=\u00bb.vc_custom_1752677121539{margin-bottom: 0px !important;}\u00bb] Servicios de asistencia [\/vc_column_text][\/vc_column_inner][vc_column_inner width=\u00bb1\/12&#8243;][\/vc_column_inner][vc_column_inner width=\u00bb5\/12&#8243;][mk_image src=\u00bbhttps:\/\/sanctuaryclinics.com\/wp-content\/uploads\/2025\/01\/img1-3.jpg\u00bb image_size=\u00bbfull\u00bb align=\u00bbcenter\u00bb el_class=\u00bbfirst-fold-image box-image\u00bb][\/vc_column_inner][\/vc_row_inner][vc_row_inner][vc_column_inner][mk_padding_divider size=\u00bb50&#8243;][\/vc_column_inner][\/vc_row_inner][\/vc_column][\/mk_page_section][mk_page_section bg_color=\u00bb#fcfaf5&#8243; el_class=\u00bbimage-text-section right-image section-4&#8243; sidebar=\u00bbsidebar-1&#8243;][vc_column][vc_row_inner][vc_column_inner][vc_raw_html css=\u00bb\u00bb]PHN0eWxlPi5zZXJ2aWNlLWltYWdlIGltZ3sKbWF4LXdpZHRoOiAzNzBweDsKfQo8L3N0eWxlPg==[\/vc_raw_html][\/vc_column_inner][\/vc_row_inner][vc_row_inner][vc_column_inner width=\u00bb1\/12&#8243;][\/vc_column_inner][vc_column_inner width=\u00bb5\/12&#8243;][mk_padding_divider][mk_image src=\u00bbhttps:\/\/sanctuaryclinics.com\/wp-content\/uploads\/2025\/01\/img2-3.jpg\u00bb image_size=\u00bbfull\u00bb align=\u00bbcenter\u00bb margin_bottom=\u00bb25&#8243; el_class=\u00bbservice-image\u00bb][vc_column_text align=\u00bbcenter\u00bb el_class=\u00bbmain-heading green-text text-center\u00bb css=\u00bb.vc_custom_1738142982638{margin-bottom: 0px !important;}\u00bb] EMDR [\/vc_column_text][vc_column_text align=\u00bbcenter\u00bb el_class=\u00bbmain-sub-heading green-text text-center\u00bb css=\u00bb.vc_custom_1752677147945{margin-bottom: 0px !important;}\u00bb] $1,000 [&hellip;]<\/p>\n","protected":false},"author":3,"featured_media":0,"parent":0,"menu_order":0,"comment_status":"closed","ping_status":"closed","template":"","meta":{"_acf_changed":false,"om_disable_all_campaigns":false,"footnotes":""},"class_list":["post-6577","page","type-page","status-publish","hentry"],"acf":[],"yoast_head":"<!-- This site is optimized with the Yoast SEO plugin v27.2 - https:\/\/yoast.com\/product\/yoast-seo-wordpress\/ -->\n<title>Servicios auxiliares - Sanctuary Clinics<\/title>\n<meta name=\"robots\" content=\"index, follow, max-snippet:-1, max-image-preview:large, max-video-preview:-1\" \/>\n<link rel=\"canonical\" href=\"https:\/\/sanctuaryclinics.com\/es\/servicios-auxiliares\/\" \/>\n<meta property=\"og:locale\" content=\"es_ES\" \/>\n<meta property=\"og:type\" content=\"article\" \/>\n<meta property=\"og:title\" content=\"Servicios auxiliares - Sanctuary Clinics\" \/>\n<meta property=\"og:description\" content=\"[mk_page_section bg_color=\u00bb#fcfaf5&#8243; full_width=\u00bbtrue\u00bb el_class=\u00bbfirst-fold-section\u00bb sidebar=\u00bbsidebar-1&#8243;][vc_column][vc_row_inner][vc_column_inner][mk_padding_divider size=\u00bb140&#8243;][\/vc_column_inner][\/vc_row_inner][vc_row_inner el_class=\u00bbflex-align-center\u00bb][vc_column_inner width=\u00bb6\/12&#8243;][vc_column_text el_class=\u00bbmega-main-heading green-text\u00bb css=\u00bb.vc_custom_1752677121539{margin-bottom: 0px !important;}\u00bb] Servicios de asistencia [\/vc_column_text][\/vc_column_inner][vc_column_inner width=\u00bb1\/12&#8243;][\/vc_column_inner][vc_column_inner width=\u00bb5\/12&#8243;][mk_image src=\u00bbhttps:\/\/sanctuaryclinics.com\/wp-content\/uploads\/2025\/01\/img1-3.jpg\u00bb image_size=\u00bbfull\u00bb align=\u00bbcenter\u00bb el_class=\u00bbfirst-fold-image box-image\u00bb][\/vc_column_inner][\/vc_row_inner][vc_row_inner][vc_column_inner][mk_padding_divider size=\u00bb50&#8243;][\/vc_column_inner][\/vc_row_inner][\/vc_column][\/mk_page_section][mk_page_section bg_color=\u00bb#fcfaf5&#8243; el_class=\u00bbimage-text-section right-image section-4&#8243; sidebar=\u00bbsidebar-1&#8243;][vc_column][vc_row_inner][vc_column_inner][vc_raw_html css=\u00bb\u00bb]PHN0eWxlPi5zZXJ2aWNlLWltYWdlIGltZ3sKbWF4LXdpZHRoOiAzNzBweDsKfQo8L3N0eWxlPg==[\/vc_raw_html][\/vc_column_inner][\/vc_row_inner][vc_row_inner][vc_column_inner width=\u00bb1\/12&#8243;][\/vc_column_inner][vc_column_inner width=\u00bb5\/12&#8243;][mk_padding_divider][mk_image src=\u00bbhttps:\/\/sanctuaryclinics.com\/wp-content\/uploads\/2025\/01\/img2-3.jpg\u00bb image_size=\u00bbfull\u00bb align=\u00bbcenter\u00bb margin_bottom=\u00bb25&#8243; el_class=\u00bbservice-image\u00bb][vc_column_text align=\u00bbcenter\u00bb el_class=\u00bbmain-heading green-text text-center\u00bb css=\u00bb.vc_custom_1738142982638{margin-bottom: 0px !important;}\u00bb] EMDR [\/vc_column_text][vc_column_text align=\u00bbcenter\u00bb el_class=\u00bbmain-sub-heading green-text text-center\u00bb css=\u00bb.vc_custom_1752677147945{margin-bottom: 0px !important;}\u00bb] $1,000 [&hellip;]\" \/>\n<meta property=\"og:url\" content=\"https:\/\/sanctuaryclinics.com\/es\/servicios-auxiliares\/\" \/>\n<meta property=\"og:site_name\" content=\"Sanctuary Clinics\" \/>\n<meta property=\"article:modified_time\" content=\"2025-07-16T14:51:07+00:00\" \/>\n<meta name=\"twitter:card\" content=\"summary_large_image\" \/>\n<meta name=\"twitter:label1\" content=\"Tiempo de lectura\" \/>\n\t<meta name=\"twitter:data1\" content=\"3 minutos\" \/>\n<script type=\"application\/ld+json\" class=\"yoast-schema-graph\">{\"@context\":\"https:\/\/schema.org\",\"@graph\":[{\"@type\":\"WebPage\",\"@id\":\"https:\/\/sanctuaryclinics.com\/es\/servicios-auxiliares\/\",\"url\":\"https:\/\/sanctuaryclinics.com\/es\/servicios-auxiliares\/\",\"name\":\"Servicios auxiliares - Sanctuary Clinics\",\"isPartOf\":{\"@id\":\"https:\/\/sanctuaryclinics.com\/es\/#website\"},\"datePublished\":\"2025-01-29T10:05:17+00:00\",\"dateModified\":\"2025-07-16T14:51:07+00:00\",\"breadcrumb\":{\"@id\":\"https:\/\/sanctuaryclinics.com\/es\/servicios-auxiliares\/#breadcrumb\"},\"inLanguage\":\"es\",\"potentialAction\":[{\"@type\":\"ReadAction\",\"target\":[\"https:\/\/sanctuaryclinics.com\/es\/servicios-auxiliares\/\"]}]},{\"@type\":\"BreadcrumbList\",\"@id\":\"https:\/\/sanctuaryclinics.com\/es\/servicios-auxiliares\/#breadcrumb\",\"itemListElement\":[{\"@type\":\"ListItem\",\"position\":1,\"name\":\"Home\",\"item\":\"https:\/\/sanctuaryclinics.com\/es\/\"},{\"@type\":\"ListItem\",\"position\":2,\"name\":\"Servicios auxiliares\"}]},{\"@type\":\"WebSite\",\"@id\":\"https:\/\/sanctuaryclinics.com\/es\/#website\",\"url\":\"https:\/\/sanctuaryclinics.com\/es\/\",\"name\":\"Sanctuary Clinics\",\"description\":\"\",\"publisher\":{\"@id\":\"https:\/\/sanctuaryclinics.com\/es\/#organization\"},\"potentialAction\":[{\"@type\":\"SearchAction\",\"target\":{\"@type\":\"EntryPoint\",\"urlTemplate\":\"https:\/\/sanctuaryclinics.com\/es\/?s={search_term_string}\"},\"query-input\":{\"@type\":\"PropertyValueSpecification\",\"valueRequired\":true,\"valueName\":\"search_term_string\"}}],\"inLanguage\":\"es\"},{\"@type\":\"Organization\",\"@id\":\"https:\/\/sanctuaryclinics.com\/es\/#organization\",\"name\":\"Sanctuary Clinics\",\"url\":\"https:\/\/sanctuaryclinics.com\/es\/\",\"logo\":{\"@type\":\"ImageObject\",\"inLanguage\":\"es\",\"@id\":\"https:\/\/sanctuaryclinics.com\/es\/#\/schema\/logo\/image\/\",\"url\":\"https:\/\/sanctuaryclinics.com\/wp-content\/uploads\/2022\/03\/sanctuarylogo-dark.svg\",\"contentUrl\":\"https:\/\/sanctuaryclinics.com\/wp-content\/uploads\/2022\/03\/sanctuarylogo-dark.svg\",\"width\":1,\"height\":1,\"caption\":\"Sanctuary Clinics\"},\"image\":{\"@id\":\"https:\/\/sanctuaryclinics.com\/es\/#\/schema\/logo\/image\/\"}}]}<\/script>\n<!-- \/ Yoast SEO plugin. -->","yoast_head_json":{"title":"Servicios auxiliares - Sanctuary Clinics","robots":{"index":"index","follow":"follow","max-snippet":"max-snippet:-1","max-image-preview":"max-image-preview:large","max-video-preview":"max-video-preview:-1"},"canonical":"https:\/\/sanctuaryclinics.com\/es\/servicios-auxiliares\/","og_locale":"es_ES","og_type":"article","og_title":"Servicios auxiliares - Sanctuary Clinics","og_description":"[mk_page_section bg_color=\u00bb#fcfaf5&#8243; full_width=\u00bbtrue\u00bb el_class=\u00bbfirst-fold-section\u00bb sidebar=\u00bbsidebar-1&#8243;][vc_column][vc_row_inner][vc_column_inner][mk_padding_divider size=\u00bb140&#8243;][\/vc_column_inner][\/vc_row_inner][vc_row_inner el_class=\u00bbflex-align-center\u00bb][vc_column_inner width=\u00bb6\/12&#8243;][vc_column_text el_class=\u00bbmega-main-heading green-text\u00bb css=\u00bb.vc_custom_1752677121539{margin-bottom: 0px !important;}\u00bb] Servicios de asistencia [\/vc_column_text][\/vc_column_inner][vc_column_inner width=\u00bb1\/12&#8243;][\/vc_column_inner][vc_column_inner width=\u00bb5\/12&#8243;][mk_image src=\u00bbhttps:\/\/sanctuaryclinics.com\/wp-content\/uploads\/2025\/01\/img1-3.jpg\u00bb image_size=\u00bbfull\u00bb align=\u00bbcenter\u00bb el_class=\u00bbfirst-fold-image box-image\u00bb][\/vc_column_inner][\/vc_row_inner][vc_row_inner][vc_column_inner][mk_padding_divider size=\u00bb50&#8243;][\/vc_column_inner][\/vc_row_inner][\/vc_column][\/mk_page_section][mk_page_section bg_color=\u00bb#fcfaf5&#8243; el_class=\u00bbimage-text-section right-image section-4&#8243; sidebar=\u00bbsidebar-1&#8243;][vc_column][vc_row_inner][vc_column_inner][vc_raw_html css=\u00bb\u00bb]PHN0eWxlPi5zZXJ2aWNlLWltYWdlIGltZ3sKbWF4LXdpZHRoOiAzNzBweDsKfQo8L3N0eWxlPg==[\/vc_raw_html][\/vc_column_inner][\/vc_row_inner][vc_row_inner][vc_column_inner width=\u00bb1\/12&#8243;][\/vc_column_inner][vc_column_inner width=\u00bb5\/12&#8243;][mk_padding_divider][mk_image src=\u00bbhttps:\/\/sanctuaryclinics.com\/wp-content\/uploads\/2025\/01\/img2-3.jpg\u00bb image_size=\u00bbfull\u00bb align=\u00bbcenter\u00bb margin_bottom=\u00bb25&#8243; el_class=\u00bbservice-image\u00bb][vc_column_text align=\u00bbcenter\u00bb el_class=\u00bbmain-heading green-text text-center\u00bb css=\u00bb.vc_custom_1738142982638{margin-bottom: 0px !important;}\u00bb] EMDR [\/vc_column_text][vc_column_text align=\u00bbcenter\u00bb el_class=\u00bbmain-sub-heading green-text text-center\u00bb css=\u00bb.vc_custom_1752677147945{margin-bottom: 0px !important;}\u00bb] $1,000 [&hellip;]","og_url":"https:\/\/sanctuaryclinics.com\/es\/servicios-auxiliares\/","og_site_name":"Sanctuary Clinics","article_modified_time":"2025-07-16T14:51:07+00:00","twitter_card":"summary_large_image","twitter_misc":{"Tiempo de lectura":"3 minutos"},"schema":{"@context":"https:\/\/schema.org","@graph":[{"@type":"WebPage","@id":"https:\/\/sanctuaryclinics.com\/es\/servicios-auxiliares\/","url":"https:\/\/sanctuaryclinics.com\/es\/servicios-auxiliares\/","name":"Servicios auxiliares - Sanctuary Clinics","isPartOf":{"@id":"https:\/\/sanctuaryclinics.com\/es\/#website"},"datePublished":"2025-01-29T10:05:17+00:00","dateModified":"2025-07-16T14:51:07+00:00","breadcrumb":{"@id":"https:\/\/sanctuaryclinics.com\/es\/servicios-auxiliares\/#breadcrumb"},"inLanguage":"es","potentialAction":[{"@type":"ReadAction","target":["https:\/\/sanctuaryclinics.com\/es\/servicios-auxiliares\/"]}]},{"@type":"BreadcrumbList","@id":"https:\/\/sanctuaryclinics.com\/es\/servicios-auxiliares\/#breadcrumb","itemListElement":[{"@type":"ListItem","position":1,"name":"Home","item":"https:\/\/sanctuaryclinics.com\/es\/"},{"@type":"ListItem","position":2,"name":"Servicios auxiliares"}]},{"@type":"WebSite","@id":"https:\/\/sanctuaryclinics.com\/es\/#website","url":"https:\/\/sanctuaryclinics.com\/es\/","name":"Sanctuary Clinics","description":"","publisher":{"@id":"https:\/\/sanctuaryclinics.com\/es\/#organization"},"potentialAction":[{"@type":"SearchAction","target":{"@type":"EntryPoint","urlTemplate":"https:\/\/sanctuaryclinics.com\/es\/?s={search_term_string}"},"query-input":{"@type":"PropertyValueSpecification","valueRequired":true,"valueName":"search_term_string"}}],"inLanguage":"es"},{"@type":"Organization","@id":"https:\/\/sanctuaryclinics.com\/es\/#organization","name":"Sanctuary Clinics","url":"https:\/\/sanctuaryclinics.com\/es\/","logo":{"@type":"ImageObject","inLanguage":"es","@id":"https:\/\/sanctuaryclinics.com\/es\/#\/schema\/logo\/image\/","url":"https:\/\/sanctuaryclinics.com\/wp-content\/uploads\/2022\/03\/sanctuarylogo-dark.svg","contentUrl":"https:\/\/sanctuaryclinics.com\/wp-content\/uploads\/2022\/03\/sanctuarylogo-dark.svg","width":1,"height":1,"caption":"Sanctuary Clinics"},"image":{"@id":"https:\/\/sanctuaryclinics.com\/es\/#\/schema\/logo\/image\/"}}]}},"_links":{"self":[{"href":"https:\/\/sanctuaryclinics.com\/es\/wp-json\/wp\/v2\/pages\/6577","targetHints":{"allow":["GET"]}}],"collection":[{"href":"https:\/\/sanctuaryclinics.com\/es\/wp-json\/wp\/v2\/pages"}],"about":[{"href":"https:\/\/sanctuaryclinics.com\/es\/wp-json\/wp\/v2\/types\/page"}],"author":[{"embeddable":true,"href":"https:\/\/sanctuaryclinics.com\/es\/wp-json\/wp\/v2\/users\/3"}],"replies":[{"embeddable":true,"href":"https:\/\/sanctuaryclinics.com\/es\/wp-json\/wp\/v2\/comments?post=6577"}],"version-history":[{"count":3,"href":"https:\/\/sanctuaryclinics.com\/es\/wp-json\/wp\/v2\/pages\/6577\/revisions"}],"predecessor-version":[{"id":7032,"href":"https:\/\/sanctuaryclinics.com\/es\/wp-json\/wp\/v2\/pages\/6577\/revisions\/7032"}],"wp:attachment":[{"href":"https:\/\/sanctuaryclinics.com\/es\/wp-json\/wp\/v2\/media?parent=6577"}],"curies":[{"name":"wp","href":"https:\/\/api.w.org\/{rel}","templated":true}]}}