{"id":6583,"date":"2023-06-05T02:18:07","date_gmt":"2023-06-05T06:18:07","guid":{"rendered":"https:\/\/sanctuaryclinics.com\/biografia-del-autor-darin-michael-shaw\/"},"modified":"2025-05-26T03:12:37","modified_gmt":"2025-05-26T07:12:37","slug":"biografia-del-autor-darin-michael-shaw","status":"publish","type":"page","link":"https:\/\/sanctuaryclinics.com\/es\/biografia-del-autor-darin-michael-shaw\/","title":{"rendered":"Biograf\u00eda del autor &#8211; Darin Michael Shaw"},"content":{"rendered":"<div class=\"wpb-content-wrapper\">[mk_page_section bg_image=\u00bbhttps:\/\/sanctuaryclinics.com\/wp-content\/uploads\/2023\/06\/img1-9.jpg\u00bb bg_color=\u00bb#203a3b\u00bb bg_position=\u00bbcenter center\u00bb bg_repeat=\u00bbno-repeat\u00bb bg_stretch=\u00bbtrue\u00bb min_height=\u00bb380&#8243; full_width=\u00bbtrue\u00bb js_vertical_centered=\u00bbtrue\u00bb el_class=\u00bbfirst-fold-section\u00bb sidebar=\u00bbsidebar-1&#8243;][vc_column][vc_row_inner][vc_column_inner][mk_padding_divider size=\u00bb120&#8243;][vc_column_text align=\u00bbcenter\u00bb el_class=\u00bbmega-main-heading white-text\u00bb css=\u00bb.vc_custom_1685946053739{margin-bottom: 0px !important;}\u00bb]\n<h1><span class=\"underline-text\">Biograf\u00eda <\/span>del Autor<\/h1>\n[\/vc_column_text][mk_padding_divider size=\u00bb80&#8243;][\/vc_column_inner][\/vc_row_inner][\/vc_column][\/mk_page_section][mk_page_section el_class=\u00bbprograms-image-text-section background-element-1&#8243; sidebar=\u00bbsidebar-1&#8243;][vc_column][vc_row_inner][vc_column_inner][mk_padding_divider size=\u00bb80&#8243;][\/vc_column_inner][\/vc_row_inner][vc_row_inner el_class=\u00bbflex-align-center\u00bb][vc_column_inner el_class=\u00bbcol col-2&#8243; width=\u00bb1\/12&#8243;][\/vc_column_inner][vc_column_inner width=\u00bb4\/12&#8243;][mk_image src=\u00bbhttps:\/\/sanctuaryclinics.com\/wp-content\/uploads\/2023\/06\/img2-4.jpg\u00bb image_size=\u00bbfull\u00bb align=\u00bbcenter\u00bb el_class=\u00bbprogram-text-image\u00bb][\/vc_column_inner][vc_column_inner width=\u00bb6\/12&#8243;][vc_column_text el_class=\u00bbmain-heading green-text\u00bb css=\u00bb.vc_custom_1685946702402{margin-bottom: 0px !important;}\u00bb]\n<h2 style=\"margin-bottom: 10px;\">Darin Michael Shaw<\/h2>\n[\/vc_column_text][vc_column_text el_class=\u00bbpara-text\u00bb css=\u00bb.vc_custom_1686040214005{margin-bottom: 0px !important;}\u00bb]Mdiv (Maestr\u00eda en Divinidad) , MA (Maestr\u00eda en Artes)<\/p>\n<p>Es un colaborador independiente especializado en contenido relacionado con la salud mental y los tratamientos para adicciones Con grados en divinidad, teolog\u00eda y estudios B\u00edblicos, Dar\u00edn se especializa en conectar, la Biblia y la ciencia, y demostrar en sus escritos, los lazos entre las verdades espirituales y los estudios cient\u00edficos Habiendo pasado 22 a\u00f1os en el ministerio pastoral antes de cambiar el p\u00falpito por la pluma, Dar\u00edn gan\u00f3 mucha experiencia en la consejer\u00eda individual, marital y de familia. Tambi\u00e9n conocimientos sobre el comportamiento durante el proceso de recuperaci\u00f3n de adicciones. Trayendo la experiencia y el coraz\u00f3n de un pastor a sus esritos, Dar\u00edn se ha convertido en un l\u00edder en cuanto a la creaci\u00f3n de contenido en su campo[\/vc_column_text][\/vc_column_inner][vc_column_inner width=\u00bb1\/12&#8243;][\/vc_column_inner][\/vc_row_inner][\/vc_column][\/mk_page_section][mk_page_section full_width=\u00bbtrue\u00bb el_class=\u00bbcustom-blog-section\u00bb sidebar=\u00bbsidebar-1&#8243;][vc_column][vc_row_inner][vc_column_inner][mk_padding_divider size=\u00bb80&#8243;][vc_column_text align=\u00bbcenter\u00bb el_class=\u00bbmain-heading green-text\u00bb css=\u00bb.vc_custom_1674809427031{margin-bottom: 0px !important;}\u00bb]\n<h2>Blog<\/h2>\n[\/vc_column_text][mk_padding_divider size=\u00bb20&#8243;][mk_blog style=\u00bbgrid\u00bb column=\u00bb4&#8243; image_size=\u00bbfull\u00bb post_count=\u00bb8&#8243; excerpt_length=\u00bb217&#8243; pagination_style=\u00bb3&#8243; el_class=\u00bbblog-grid-element\u00bb][mk_padding_divider size=\u00bb80&#8243;][\/vc_column_inner][\/vc_row_inner][\/vc_column][\/mk_page_section]\n<\/div>","protected":false},"excerpt":{"rendered":"<p>[mk_page_section bg_image=\u00bbhttps:\/\/sanctuaryclinics.com\/wp-content\/uploads\/2023\/06\/img1-9.jpg\u00bb bg_color=\u00bb#203a3b\u00bb bg_position=\u00bbcenter center\u00bb bg_repeat=\u00bbno-repeat\u00bb bg_stretch=\u00bbtrue\u00bb min_height=\u00bb380&#8243; full_width=\u00bbtrue\u00bb js_vertical_centered=\u00bbtrue\u00bb el_class=\u00bbfirst-fold-section\u00bb sidebar=\u00bbsidebar-1&#8243;][vc_column][vc_row_inner][vc_column_inner][mk_padding_divider size=\u00bb120&#8243;][vc_column_text align=\u00bbcenter\u00bb el_class=\u00bbmega-main-heading white-text\u00bb css=\u00bb.vc_custom_1685946053739{margin-bottom: 0px !important;}\u00bb] Biograf\u00eda del Autor [\/vc_column_text][mk_padding_divider size=\u00bb80&#8243;][\/vc_column_inner][\/vc_row_inner][\/vc_column][\/mk_page_section][mk_page_section el_class=\u00bbprograms-image-text-section background-element-1&#8243; sidebar=\u00bbsidebar-1&#8243;][vc_column][vc_row_inner][vc_column_inner][mk_padding_divider size=\u00bb80&#8243;][\/vc_column_inner][\/vc_row_inner][vc_row_inner el_class=\u00bbflex-align-center\u00bb][vc_column_inner el_class=\u00bbcol col-2&#8243; width=\u00bb1\/12&#8243;][\/vc_column_inner][vc_column_inner width=\u00bb4\/12&#8243;][mk_image src=\u00bbhttps:\/\/sanctuaryclinics.com\/wp-content\/uploads\/2023\/06\/img2-4.jpg\u00bb image_size=\u00bbfull\u00bb align=\u00bbcenter\u00bb el_class=\u00bbprogram-text-image\u00bb][\/vc_column_inner][vc_column_inner width=\u00bb6\/12&#8243;][vc_column_text el_class=\u00bbmain-heading green-text\u00bb css=\u00bb.vc_custom_1685946702402{margin-bottom: 0px !important;}\u00bb] Darin Michael Shaw [\/vc_column_text][vc_column_text el_class=\u00bbpara-text\u00bb css=\u00bb.vc_custom_1686040214005{margin-bottom: 0px !important;}\u00bb]Mdiv (Maestr\u00eda en Divinidad) , [&hellip;]<\/p>\n","protected":false},"author":3,"featured_media":0,"parent":0,"menu_order":0,"comment_status":"closed","ping_status":"closed","template":"","meta":{"_acf_changed":false,"om_disable_all_campaigns":false,"footnotes":""},"class_list":["post-6583","page","type-page","status-publish","hentry"],"acf":[],"yoast_head":"<!-- This site is optimized with the Yoast SEO plugin v27.4 - https:\/\/yoast.com\/product\/yoast-seo-wordpress\/ -->\n<title>Biograf\u00eda del autor - Darin Michael Shaw - Sanctuary Clinics<\/title>\n<meta name=\"robots\" content=\"index, follow, max-snippet:-1, max-image-preview:large, max-video-preview:-1\" \/>\n<link rel=\"canonical\" href=\"https:\/\/sanctuaryclinics.com\/es\/biografia-del-autor-darin-michael-shaw\/\" \/>\n<meta property=\"og:locale\" content=\"es_ES\" \/>\n<meta property=\"og:type\" content=\"article\" \/>\n<meta property=\"og:title\" content=\"Biograf\u00eda del autor - Darin Michael Shaw - Sanctuary Clinics\" \/>\n<meta property=\"og:description\" content=\"[mk_page_section bg_image=\u00bbhttps:\/\/sanctuaryclinics.com\/wp-content\/uploads\/2023\/06\/img1-9.jpg\u00bb bg_color=\u00bb#203a3b\u00bb bg_position=\u00bbcenter center\u00bb bg_repeat=\u00bbno-repeat\u00bb bg_stretch=\u00bbtrue\u00bb min_height=\u00bb380&#8243; full_width=\u00bbtrue\u00bb js_vertical_centered=\u00bbtrue\u00bb el_class=\u00bbfirst-fold-section\u00bb sidebar=\u00bbsidebar-1&#8243;][vc_column][vc_row_inner][vc_column_inner][mk_padding_divider size=\u00bb120&#8243;][vc_column_text align=\u00bbcenter\u00bb el_class=\u00bbmega-main-heading white-text\u00bb css=\u00bb.vc_custom_1685946053739{margin-bottom: 0px !important;}\u00bb] Biograf\u00eda del Autor [\/vc_column_text][mk_padding_divider size=\u00bb80&#8243;][\/vc_column_inner][\/vc_row_inner][\/vc_column][\/mk_page_section][mk_page_section el_class=\u00bbprograms-image-text-section background-element-1&#8243; sidebar=\u00bbsidebar-1&#8243;][vc_column][vc_row_inner][vc_column_inner][mk_padding_divider size=\u00bb80&#8243;][\/vc_column_inner][\/vc_row_inner][vc_row_inner el_class=\u00bbflex-align-center\u00bb][vc_column_inner el_class=\u00bbcol col-2&#8243; width=\u00bb1\/12&#8243;][\/vc_column_inner][vc_column_inner width=\u00bb4\/12&#8243;][mk_image src=\u00bbhttps:\/\/sanctuaryclinics.com\/wp-content\/uploads\/2023\/06\/img2-4.jpg\u00bb image_size=\u00bbfull\u00bb align=\u00bbcenter\u00bb el_class=\u00bbprogram-text-image\u00bb][\/vc_column_inner][vc_column_inner width=\u00bb6\/12&#8243;][vc_column_text el_class=\u00bbmain-heading green-text\u00bb css=\u00bb.vc_custom_1685946702402{margin-bottom: 0px !important;}\u00bb] Darin Michael Shaw [\/vc_column_text][vc_column_text el_class=\u00bbpara-text\u00bb css=\u00bb.vc_custom_1686040214005{margin-bottom: 0px !important;}\u00bb]Mdiv (Maestr\u00eda en Divinidad) , [&hellip;]\" \/>\n<meta property=\"og:url\" content=\"https:\/\/sanctuaryclinics.com\/es\/biografia-del-autor-darin-michael-shaw\/\" \/>\n<meta property=\"og:site_name\" content=\"Sanctuary Clinics\" \/>\n<meta property=\"article:modified_time\" content=\"2025-05-26T07:12:37+00:00\" \/>\n<meta name=\"twitter:card\" content=\"summary_large_image\" \/>\n<meta name=\"twitter:label1\" content=\"Tiempo de lectura\" \/>\n\t<meta name=\"twitter:data1\" content=\"2 minutos\" \/>\n<script type=\"application\/ld+json\" class=\"yoast-schema-graph\">{\"@context\":\"https:\\\/\\\/schema.org\",\"@graph\":[{\"@type\":\"WebPage\",\"@id\":\"https:\\\/\\\/sanctuaryclinics.com\\\/es\\\/biografia-del-autor-darin-michael-shaw\\\/\",\"url\":\"https:\\\/\\\/sanctuaryclinics.com\\\/es\\\/biografia-del-autor-darin-michael-shaw\\\/\",\"name\":\"Biograf\u00eda del autor - Darin Michael Shaw - Sanctuary Clinics\",\"isPartOf\":{\"@id\":\"https:\\\/\\\/sanctuaryclinics.com\\\/es\\\/#website\"},\"datePublished\":\"2023-06-05T06:18:07+00:00\",\"dateModified\":\"2025-05-26T07:12:37+00:00\",\"breadcrumb\":{\"@id\":\"https:\\\/\\\/sanctuaryclinics.com\\\/es\\\/biografia-del-autor-darin-michael-shaw\\\/#breadcrumb\"},\"inLanguage\":\"es\",\"potentialAction\":[{\"@type\":\"ReadAction\",\"target\":[\"https:\\\/\\\/sanctuaryclinics.com\\\/es\\\/biografia-del-autor-darin-michael-shaw\\\/\"]}]},{\"@type\":\"BreadcrumbList\",\"@id\":\"https:\\\/\\\/sanctuaryclinics.com\\\/es\\\/biografia-del-autor-darin-michael-shaw\\\/#breadcrumb\",\"itemListElement\":[{\"@type\":\"ListItem\",\"position\":1,\"name\":\"Home\",\"item\":\"https:\\\/\\\/sanctuaryclinics.com\\\/es\\\/\"},{\"@type\":\"ListItem\",\"position\":2,\"name\":\"Biograf\u00eda del autor &#8211; Darin Michael Shaw\"}]},{\"@type\":\"WebSite\",\"@id\":\"https:\\\/\\\/sanctuaryclinics.com\\\/es\\\/#website\",\"url\":\"https:\\\/\\\/sanctuaryclinics.com\\\/es\\\/\",\"name\":\"Sanctuary Clinics\",\"description\":\"\",\"publisher\":{\"@id\":\"https:\\\/\\\/sanctuaryclinics.com\\\/es\\\/#organization\"},\"potentialAction\":[{\"@type\":\"SearchAction\",\"target\":{\"@type\":\"EntryPoint\",\"urlTemplate\":\"https:\\\/\\\/sanctuaryclinics.com\\\/es\\\/?s={search_term_string}\"},\"query-input\":{\"@type\":\"PropertyValueSpecification\",\"valueRequired\":true,\"valueName\":\"search_term_string\"}}],\"inLanguage\":\"es\"},{\"@type\":\"Organization\",\"@id\":\"https:\\\/\\\/sanctuaryclinics.com\\\/es\\\/#organization\",\"name\":\"Sanctuary Clinics\",\"url\":\"https:\\\/\\\/sanctuaryclinics.com\\\/es\\\/\",\"logo\":{\"@type\":\"ImageObject\",\"inLanguage\":\"es\",\"@id\":\"https:\\\/\\\/sanctuaryclinics.com\\\/es\\\/#\\\/schema\\\/logo\\\/image\\\/\",\"url\":\"https:\\\/\\\/sanctuaryclinics.com\\\/wp-content\\\/uploads\\\/2022\\\/03\\\/sanctuarylogo-dark.svg\",\"contentUrl\":\"https:\\\/\\\/sanctuaryclinics.com\\\/wp-content\\\/uploads\\\/2022\\\/03\\\/sanctuarylogo-dark.svg\",\"width\":1,\"height\":1,\"caption\":\"Sanctuary Clinics\"},\"image\":{\"@id\":\"https:\\\/\\\/sanctuaryclinics.com\\\/es\\\/#\\\/schema\\\/logo\\\/image\\\/\"}}]}<\/script>\n<!-- \/ Yoast SEO plugin. -->","yoast_head_json":{"title":"Biograf\u00eda del autor - Darin Michael Shaw - Sanctuary Clinics","robots":{"index":"index","follow":"follow","max-snippet":"max-snippet:-1","max-image-preview":"max-image-preview:large","max-video-preview":"max-video-preview:-1"},"canonical":"https:\/\/sanctuaryclinics.com\/es\/biografia-del-autor-darin-michael-shaw\/","og_locale":"es_ES","og_type":"article","og_title":"Biograf\u00eda del autor - Darin Michael Shaw - Sanctuary Clinics","og_description":"[mk_page_section bg_image=\u00bbhttps:\/\/sanctuaryclinics.com\/wp-content\/uploads\/2023\/06\/img1-9.jpg\u00bb bg_color=\u00bb#203a3b\u00bb bg_position=\u00bbcenter center\u00bb bg_repeat=\u00bbno-repeat\u00bb bg_stretch=\u00bbtrue\u00bb min_height=\u00bb380&#8243; full_width=\u00bbtrue\u00bb js_vertical_centered=\u00bbtrue\u00bb el_class=\u00bbfirst-fold-section\u00bb sidebar=\u00bbsidebar-1&#8243;][vc_column][vc_row_inner][vc_column_inner][mk_padding_divider size=\u00bb120&#8243;][vc_column_text align=\u00bbcenter\u00bb el_class=\u00bbmega-main-heading white-text\u00bb css=\u00bb.vc_custom_1685946053739{margin-bottom: 0px !important;}\u00bb] Biograf\u00eda del Autor [\/vc_column_text][mk_padding_divider size=\u00bb80&#8243;][\/vc_column_inner][\/vc_row_inner][\/vc_column][\/mk_page_section][mk_page_section el_class=\u00bbprograms-image-text-section background-element-1&#8243; sidebar=\u00bbsidebar-1&#8243;][vc_column][vc_row_inner][vc_column_inner][mk_padding_divider size=\u00bb80&#8243;][\/vc_column_inner][\/vc_row_inner][vc_row_inner el_class=\u00bbflex-align-center\u00bb][vc_column_inner el_class=\u00bbcol col-2&#8243; width=\u00bb1\/12&#8243;][\/vc_column_inner][vc_column_inner width=\u00bb4\/12&#8243;][mk_image src=\u00bbhttps:\/\/sanctuaryclinics.com\/wp-content\/uploads\/2023\/06\/img2-4.jpg\u00bb image_size=\u00bbfull\u00bb align=\u00bbcenter\u00bb el_class=\u00bbprogram-text-image\u00bb][\/vc_column_inner][vc_column_inner width=\u00bb6\/12&#8243;][vc_column_text el_class=\u00bbmain-heading green-text\u00bb css=\u00bb.vc_custom_1685946702402{margin-bottom: 0px !important;}\u00bb] Darin Michael Shaw [\/vc_column_text][vc_column_text el_class=\u00bbpara-text\u00bb css=\u00bb.vc_custom_1686040214005{margin-bottom: 0px !important;}\u00bb]Mdiv (Maestr\u00eda en Divinidad) , [&hellip;]","og_url":"https:\/\/sanctuaryclinics.com\/es\/biografia-del-autor-darin-michael-shaw\/","og_site_name":"Sanctuary Clinics","article_modified_time":"2025-05-26T07:12:37+00:00","twitter_card":"summary_large_image","twitter_misc":{"Tiempo de lectura":"2 minutos"},"schema":{"@context":"https:\/\/schema.org","@graph":[{"@type":"WebPage","@id":"https:\/\/sanctuaryclinics.com\/es\/biografia-del-autor-darin-michael-shaw\/","url":"https:\/\/sanctuaryclinics.com\/es\/biografia-del-autor-darin-michael-shaw\/","name":"Biograf\u00eda del autor - Darin Michael Shaw - Sanctuary Clinics","isPartOf":{"@id":"https:\/\/sanctuaryclinics.com\/es\/#website"},"datePublished":"2023-06-05T06:18:07+00:00","dateModified":"2025-05-26T07:12:37+00:00","breadcrumb":{"@id":"https:\/\/sanctuaryclinics.com\/es\/biografia-del-autor-darin-michael-shaw\/#breadcrumb"},"inLanguage":"es","potentialAction":[{"@type":"ReadAction","target":["https:\/\/sanctuaryclinics.com\/es\/biografia-del-autor-darin-michael-shaw\/"]}]},{"@type":"BreadcrumbList","@id":"https:\/\/sanctuaryclinics.com\/es\/biografia-del-autor-darin-michael-shaw\/#breadcrumb","itemListElement":[{"@type":"ListItem","position":1,"name":"Home","item":"https:\/\/sanctuaryclinics.com\/es\/"},{"@type":"ListItem","position":2,"name":"Biograf\u00eda del autor &#8211; Darin Michael Shaw"}]},{"@type":"WebSite","@id":"https:\/\/sanctuaryclinics.com\/es\/#website","url":"https:\/\/sanctuaryclinics.com\/es\/","name":"Sanctuary Clinics","description":"","publisher":{"@id":"https:\/\/sanctuaryclinics.com\/es\/#organization"},"potentialAction":[{"@type":"SearchAction","target":{"@type":"EntryPoint","urlTemplate":"https:\/\/sanctuaryclinics.com\/es\/?s={search_term_string}"},"query-input":{"@type":"PropertyValueSpecification","valueRequired":true,"valueName":"search_term_string"}}],"inLanguage":"es"},{"@type":"Organization","@id":"https:\/\/sanctuaryclinics.com\/es\/#organization","name":"Sanctuary Clinics","url":"https:\/\/sanctuaryclinics.com\/es\/","logo":{"@type":"ImageObject","inLanguage":"es","@id":"https:\/\/sanctuaryclinics.com\/es\/#\/schema\/logo\/image\/","url":"https:\/\/sanctuaryclinics.com\/wp-content\/uploads\/2022\/03\/sanctuarylogo-dark.svg","contentUrl":"https:\/\/sanctuaryclinics.com\/wp-content\/uploads\/2022\/03\/sanctuarylogo-dark.svg","width":1,"height":1,"caption":"Sanctuary Clinics"},"image":{"@id":"https:\/\/sanctuaryclinics.com\/es\/#\/schema\/logo\/image\/"}}]}},"_links":{"self":[{"href":"https:\/\/sanctuaryclinics.com\/es\/wp-json\/wp\/v2\/pages\/6583","targetHints":{"allow":["GET"]}}],"collection":[{"href":"https:\/\/sanctuaryclinics.com\/es\/wp-json\/wp\/v2\/pages"}],"about":[{"href":"https:\/\/sanctuaryclinics.com\/es\/wp-json\/wp\/v2\/types\/page"}],"author":[{"embeddable":true,"href":"https:\/\/sanctuaryclinics.com\/es\/wp-json\/wp\/v2\/users\/3"}],"replies":[{"embeddable":true,"href":"https:\/\/sanctuaryclinics.com\/es\/wp-json\/wp\/v2\/comments?post=6583"}],"version-history":[{"count":2,"href":"https:\/\/sanctuaryclinics.com\/es\/wp-json\/wp\/v2\/pages\/6583\/revisions"}],"predecessor-version":[{"id":6585,"href":"https:\/\/sanctuaryclinics.com\/es\/wp-json\/wp\/v2\/pages\/6583\/revisions\/6585"}],"wp:attachment":[{"href":"https:\/\/sanctuaryclinics.com\/es\/wp-json\/wp\/v2\/media?parent=6583"}],"curies":[{"name":"wp","href":"https:\/\/api.w.org\/{rel}","templated":true}]}}